{"id":1840,"date":"2024-05-15T17:03:57","date_gmt":"2024-05-15T15:03:57","guid":{"rendered":"https:\/\/www.wms-oil.com\/\/?page_id=1840"},"modified":"2024-07-30T14:38:04","modified_gmt":"2024-07-30T12:38:04","slug":"lubrifiants-2","status":"publish","type":"page","link":"https:\/\/www.wms-oil.com\/?page_id=1840","title":{"rendered":"Lubrifiants"},"content":{"rendered":"<div class=\"wpb-content-wrapper\"><p>[vc_row][vc_column]\r\n\r\n<div class=\"\" >\r\n  <div class=\"large-12 columns  wd-title-section_c\" >\r\n      <h2>Lubrifiants<\/h2>\r\n      \r\n  <\/div>\r\n<\/div>\r\n\r\n  \r\n[vc_row_inner][vc_column_inner width=\u00a0\u00bb1\/4&Prime;][\/vc_column_inner][vc_column_inner width=\u00a0\u00bb1\/2&Prime;][vc_column_text]<\/p>\n<p style=\"text-align: center;\">Titan Oil est le repr\u00e9sentant exclusif des marques<br \/>\nBIZOL (Allemande) et AB LUBS (Portugaise).<\/p>\n<p style=\"text-align: center;\">Les produits sont de derni\u00e8res g\u00e9n\u00e9rations et sont destin\u00e9s<br \/>\naux v\u00e9hicules modernes l\u00e9gers, 4&#215;4, utilitaires, camions,<br \/>\nbus, engins agricoles et engins BTP et mines.<\/p>\n<p style=\"text-align: center;\">Titan Oil commercialise \u00e9galement des lubrifiants pour les bateaux<br \/>\net les pirogues, ainsi que pour les moteurs industriels dans le B to B.[\/vc_column_text][vc_single_image image=\u00a0\u00bb1789&Prime; alignment=\u00a0\u00bbcenter\u00a0\u00bb css_animation=\u00a0\u00bbbounceIn\u00a0\u00bb css=\u00a0\u00bb.vc_custom_1719500321903{margin-top: 20px !important;}\u00a0\u00bb][vc_single_image image=\u00a0\u00bb2132&Prime; img_size=\u00a0\u00bbmedium\u00a0\u00bb alignment=\u00a0\u00bbcenter\u00a0\u00bb css_animation=\u00a0\u00bbbounceIn\u00a0\u00bb css=\u00a0\u00bb.vc_custom_1720541467772{margin-top: 20px !important;}\u00a0\u00bb][\/vc_column_inner][vc_column_inner width=\u00a0\u00bb1\/4&Prime;][\/vc_column_inner][\/vc_row_inner][vc_row_inner][vc_column_inner width=\u00a0\u00bb1\/4&Prime;][\/vc_column_inner][vc_column_inner width=\u00a0\u00bb1\/2&Prime;][vc_images_carousel images=\u00a0\u00bb2060,2074&Prime; img_size=\u00a0\u00bbfull\u00a0\u00bb slides_per_view=\u00a0\u00bb2&Prime; css=\u00a0\u00bb.vc_custom_1720578067121{margin-top: 40px !important;margin-bottom: 40px !important;}\u00a0\u00bb][vc_images_carousel images=\u00a0\u00bb2063,2067&Prime; img_size=\u00a0\u00bbfull\u00a0\u00bb slides_per_view=\u00a0\u00bb2&Prime; css=\u00a0\u00bb.vc_custom_1720578261481{margin-top: 40px !important;margin-bottom: 40px !important;}\u00a0\u00bb][\/vc_column_inner][vc_column_inner width=\u00a0\u00bb1\/4&Prime;][\/vc_column_inner][\/vc_row_inner][\/vc_column][\/vc_row]<\/p>\n<\/div>","protected":false},"excerpt":{"rendered":"<p>[vc_row][vc_column][vc_row_inner][vc_column_inner width=\u00a0\u00bb1\/4&Prime;][\/vc_column_inner][vc_column_inner width=\u00a0\u00bb1\/2&Prime;][vc_column_text] Titan Oil est le repr\u00e9sentant exclusif des marques BIZOL (Allemande) et AB LUBS (Portugaise). Les produits sont de derni\u00e8res g\u00e9n\u00e9rations et sont destin\u00e9s aux v\u00e9hicules modernes l\u00e9gers, 4&#215;4, utilitaires, camions, bus, engins agricoles et engins BTP et mines. Titan Oil commercialise \u00e9galement des lubrifiants pour les bateaux et les pirogues, ainsi que [&hellip;]<\/p>\n","protected":false},"author":1,"featured_media":0,"parent":0,"menu_order":0,"comment_status":"closed","ping_status":"closed","template":"","meta":{"footnotes":""},"_links":{"self":[{"href":"https:\/\/www.wms-oil.com\/index.php?rest_route=\/wp\/v2\/pages\/1840"}],"collection":[{"href":"https:\/\/www.wms-oil.com\/index.php?rest_route=\/wp\/v2\/pages"}],"about":[{"href":"https:\/\/www.wms-oil.com\/index.php?rest_route=\/wp\/v2\/types\/page"}],"author":[{"embeddable":true,"href":"https:\/\/www.wms-oil.com\/index.php?rest_route=\/wp\/v2\/users\/1"}],"replies":[{"embeddable":true,"href":"https:\/\/www.wms-oil.com\/index.php?rest_route=%2Fwp%2Fv2%2Fcomments&post=1840"}],"version-history":[{"count":15,"href":"https:\/\/www.wms-oil.com\/index.php?rest_route=\/wp\/v2\/pages\/1840\/revisions"}],"predecessor-version":[{"id":2219,"href":"https:\/\/www.wms-oil.com\/index.php?rest_route=\/wp\/v2\/pages\/1840\/revisions\/2219"}],"wp:attachment":[{"href":"https:\/\/www.wms-oil.com\/index.php?rest_route=%2Fwp%2Fv2%2Fmedia&parent=1840"}],"curies":[{"name":"wp","href":"https:\/\/api.w.org\/{rel}","templated":true}]}}