{"id":1842,"date":"2024-05-15T17:04:35","date_gmt":"2024-05-15T15:04:35","guid":{"rendered":"https:\/\/www.wms-oil.com\/\/?page_id=1842"},"modified":"2024-07-31T03:29:04","modified_gmt":"2024-07-31T01:29:04","slug":"titan-marine","status":"publish","type":"page","link":"https:\/\/www.wms-oil.com\/?page_id=1842","title":{"rendered":"Titan Marine"},"content":{"rendered":"<div class=\"wpb-content-wrapper\"><p>[vc_row][vc_column]\r\n\r\n<div class=\"\" >\r\n  <div class=\"large-12 columns  wd-title-section_c\" >\r\n      <h2>Titan Marine<\/h2>\r\n      \r\n  <\/div>\r\n<\/div>\r\n\r\n  \r\n[vc_row_inner][vc_column_inner width=\u00a0\u00bb1\/2&Prime;][vc_images_carousel images=\u00a0\u00bb1983,2095&Prime; img_size=\u00a0\u00bbfull\u00a0\u00bb speed=\u00a0\u00bb2000&Prime; autoplay=\u00a0\u00bbyes\u00a0\u00bb][\/vc_column_inner][vc_column_inner width=\u00a0\u00bb1\/2&Prime; css=\u00a0\u00bb.vc_custom_1718128303272{margin-bottom: 40px !important;}\u00a0\u00bb][vc_column_text css=\u00a0\u00bb.vc_custom_1719509240636{padding-right: 10px !important;padding-left: 10px !important;}\u00a0\u00bb]<\/p>\n<p style=\"text-align: center;\">Titan Oil effectue des op\u00e9rations de soutage pour les navires<br \/>\net bateaux et commercialise de l\u2019essence destin\u00e9e aux pirogues<br \/>\n\u00e0 moteur (p\u00eache artisanale)<\/p>\n<p style=\"text-align: center;\">Nous fournissons un carburant de qualit\u00e9 et des lubrifiants<br \/>\nperformants assurant la long\u00e9vit\u00e9 des moteurs des bateaux.[\/vc_column_text][\/vc_column_inner][\/vc_row_inner][\/vc_column][\/vc_row][vc_row css=\u00a0\u00bb.vc_custom_1718271806465{margin-top: 40px !important;margin-bottom: 40px !important;}\u00a0\u00bb][vc_column][vc_images_carousel images=\u00a0\u00bb1985,1987,1986&Prime; img_size=\u00a0\u00bbfull\u00a0\u00bb slides_per_view=\u00a0\u00bb3&Prime;][\/vc_column][\/vc_row]<\/p>\n<\/div>","protected":false},"excerpt":{"rendered":"<p>[vc_row][vc_column][vc_row_inner][vc_column_inner width=\u00a0\u00bb1\/2&Prime;][vc_images_carousel images=\u00a0\u00bb1983,2095&Prime; img_size=\u00a0\u00bbfull\u00a0\u00bb speed=\u00a0\u00bb2000&Prime; autoplay=\u00a0\u00bbyes\u00a0\u00bb][\/vc_column_inner][vc_column_inner width=\u00a0\u00bb1\/2&Prime; css=\u00a0\u00bb.vc_custom_1718128303272{margin-bottom: 40px !important;}\u00a0\u00bb][vc_column_text css=\u00a0\u00bb.vc_custom_1719509240636{padding-right: 10px !important;padding-left: 10px !important;}\u00a0\u00bb] Titan Oil effectue des op\u00e9rations de soutage pour les navires et bateaux et commercialise de l\u2019essence destin\u00e9e aux pirogues \u00e0 moteur (p\u00eache artisanale) Nous fournissons un carburant de qualit\u00e9 et des lubrifiants performants assurant la long\u00e9vit\u00e9 des moteurs des bateaux.[\/vc_column_text][\/vc_column_inner][\/vc_row_inner][\/vc_column][\/vc_row][vc_row [&hellip;]<\/p>\n","protected":false},"author":1,"featured_media":0,"parent":0,"menu_order":0,"comment_status":"closed","ping_status":"closed","template":"","meta":{"footnotes":""},"_links":{"self":[{"href":"https:\/\/www.wms-oil.com\/index.php?rest_route=\/wp\/v2\/pages\/1842"}],"collection":[{"href":"https:\/\/www.wms-oil.com\/index.php?rest_route=\/wp\/v2\/pages"}],"about":[{"href":"https:\/\/www.wms-oil.com\/index.php?rest_route=\/wp\/v2\/types\/page"}],"author":[{"embeddable":true,"href":"https:\/\/www.wms-oil.com\/index.php?rest_route=\/wp\/v2\/users\/1"}],"replies":[{"embeddable":true,"href":"https:\/\/www.wms-oil.com\/index.php?rest_route=%2Fwp%2Fv2%2Fcomments&post=1842"}],"version-history":[{"count":20,"href":"https:\/\/www.wms-oil.com\/index.php?rest_route=\/wp\/v2\/pages\/1842\/revisions"}],"predecessor-version":[{"id":2217,"href":"https:\/\/www.wms-oil.com\/index.php?rest_route=\/wp\/v2\/pages\/1842\/revisions\/2217"}],"wp:attachment":[{"href":"https:\/\/www.wms-oil.com\/index.php?rest_route=%2Fwp%2Fv2%2Fmedia&parent=1842"}],"curies":[{"name":"wp","href":"https:\/\/api.w.org\/{rel}","templated":true}]}}