{"id":1858,"date":"2024-05-15T17:15:06","date_gmt":"2024-05-15T15:15:06","guid":{"rendered":"https:\/\/www.wms-oil.com\/\/?page_id=1858"},"modified":"2024-07-10T04:30:11","modified_gmt":"2024-07-10T02:30:11","slug":"%e2%81%a0engagement","status":"publish","type":"page","link":"https:\/\/www.wms-oil.com\/?page_id=1858","title":{"rendered":"\u2060Engagement"},"content":{"rendered":"<div class=\"wpb-content-wrapper\"><p>[vc_row][vc_column width=\u00a0\u00bb1\/2&Prime;]\r\n\r\n<div class=\"\" >\r\n  <div class=\"large-12 columns  wd-title-section_c\" >\r\n      <h2>S\u00e9curit\u00e9 dans nos stations<\/h2>\r\n      \r\n  <\/div>\r\n<\/div>\r\n\r\n  \r\n[vc_row_inner][vc_column_inner][vc_column_text]<\/p>\n<p style=\"text-align: center;\">Titan Oil est engag\u00e9 pour assurer la s\u00e9curit\u00e9 et l\u2019int\u00e9grit\u00e9<br \/>\nde toute personne visitant ses sites ainsi que celles de ses biens.<\/p>\n<p style=\"text-align: center;\">En effet toutes nos stations-services sont \u00e9quip\u00e9es<br \/>\nd\u2019outils de s\u00e9curit\u00e9 conform\u00e9ment aux normes en vigueur.<\/p>\n<p style=\"text-align: center;\">Nos collaborateurs sont \u00e9galement form\u00e9s pour<br \/>\nassurer la s\u00e9curit\u00e9 sur nos sites en toute circonstance.[\/vc_column_text][\/vc_column_inner][\/vc_row_inner][\/vc_column][vc_column width=\u00a0\u00bb1\/2&Prime;][vc_single_image image=\u00a0\u00bb1968&Prime; img_size=\u00a0\u00bbfull\u00a0\u00bb css_animation=\u00a0\u00bbappear\u00a0\u00bb][\/vc_column][\/vc_row][vc_row css=\u00a0\u00bb.vc_custom_1718130304903{margin-top: 60px !important;margin-bottom: 40px !important;}\u00a0\u00bb][vc_column width=\u00a0\u00bb1\/2&Prime;][vc_single_image image=\u00a0\u00bb1879&Prime; img_size=\u00a0\u00bbfull\u00a0\u00bb][\/vc_column][vc_column width=\u00a0\u00bb1\/2&Prime;]\r\n\r\n<div class=\"\" >\r\n  <div class=\"large-12 columns  wd-title-section_c\" >\r\n      <h2>Qualit\u00e9<\/h2>\r\n      \r\n  <\/div>\r\n<\/div>\r\n\r\n  \r\n[vc_row_inner][vc_column_inner][vc_column_text]<\/p>\n<p style=\"text-align: center;\">. Qualit\u00e9 de nos produits aussi bien<br \/>\nen stations-services qu\u2019en boutique !<\/p>\n<p style=\"text-align: center;\">. Qualit\u00e9 des services fournis\u00a0!<\/p>\n<p style=\"text-align: center;\">. Qualit\u00e9 de l\u2019accueil\u00a0!<\/p>\n<p style=\"text-align: center;\">Tel est le triptyque de notre engagement<br \/>\nqualit\u00e9 aupr\u00e8s de nos clients.[\/vc_column_text][\/vc_column_inner][\/vc_row_inner][\/vc_column][\/vc_row][vc_row css=\u00a0\u00bb.vc_custom_1718130304903{margin-top: 60px !important;margin-bottom: 40px !important;}\u00a0\u00bb][vc_column width=\u00a0\u00bb1\/2&Prime;]\r\n\r\n<div class=\"\" >\r\n  <div class=\"large-12 columns  wd-title-section_c\" >\r\n      <h2>Engagement citoyen<\/h2>\r\n      \r\n  <\/div>\r\n<\/div>\r\n\r\n  \r\n[vc_row_inner][vc_column_inner][vc_column_text]&nbsp;<\/p>\n<p style=\"text-align: center;\">Titan Oil engage des jeunes<br \/>\net les forme \u00e0 ses divers m\u00e9tiers,<\/p>\n<p style=\"text-align: center;\">participant ainsi de mani\u00e8re concr\u00e8te<br \/>\n\u00e0 la r\u00e9sorption du ch\u00f4mage.[\/vc_column_text][\/vc_column_inner][\/vc_row_inner][\/vc_column][vc_column width=\u00a0\u00bb1\/2&Prime;][vc_single_image image=\u00a0\u00bb2079&Prime; img_size=\u00a0\u00bbfull\u00a0\u00bb][\/vc_column][\/vc_row][vc_row css=\u00a0\u00bb.vc_custom_1718130304903{margin-top: 60px !important;margin-bottom: 40px !important;}\u00a0\u00bb][vc_column width=\u00a0\u00bb1\/2&Prime;][vc_single_image image=\u00a0\u00bb1864&Prime; img_size=\u00a0\u00bbfull\u00a0\u00bb][\/vc_column][vc_column width=\u00a0\u00bb1\/2&Prime;]\r\n\r\n<div class=\"\" >\r\n  <div class=\"large-12 columns  wd-title-section_c\" >\r\n      <h2>\u00c9nergie verte<\/h2>\r\n      \r\n  <\/div>\r\n<\/div>\r\n\r\n  \r\n[vc_row_inner][vc_column_inner][vc_column_text]<\/p>\n<p style=\"text-align: center;\">Afin de participer \u00e0 la pr\u00e9servation de la plan\u00e8te,<br \/>\nnous avons initi\u00e9 un processus d\u2019installation<br \/>\nde panneaux solaires dans nos stations-services.<\/p>\n<p style=\"text-align: center;\">A terme, toutes nos stations seront totalement<br \/>\nautonomes en \u00e9nergie, puisant tous nos besoins<br \/>\ndans l\u2019\u00e9nergie solaire.[\/vc_column_text][\/vc_column_inner][\/vc_row_inner][\/vc_column][\/vc_row]<\/p>\n<\/div>","protected":false},"excerpt":{"rendered":"<p>[vc_row][vc_column width=\u00a0\u00bb1\/2&Prime;][vc_row_inner][vc_column_inner][vc_column_text] Titan Oil est engag\u00e9 pour assurer la s\u00e9curit\u00e9 et l\u2019int\u00e9grit\u00e9 de toute personne visitant ses sites ainsi que celles de ses biens. En effet toutes nos stations-services sont \u00e9quip\u00e9es d\u2019outils de s\u00e9curit\u00e9 conform\u00e9ment aux normes en vigueur. Nos collaborateurs sont \u00e9galement form\u00e9s pour assurer la s\u00e9curit\u00e9 sur nos sites en toute circonstance.[\/vc_column_text][\/vc_column_inner][\/vc_row_inner][\/vc_column][vc_column width=\u00a0\u00bb1\/2&Prime;][vc_single_image [&hellip;]<\/p>\n","protected":false},"author":1,"featured_media":0,"parent":0,"menu_order":0,"comment_status":"closed","ping_status":"closed","template":"","meta":{"footnotes":""},"_links":{"self":[{"href":"https:\/\/www.wms-oil.com\/index.php?rest_route=\/wp\/v2\/pages\/1858"}],"collection":[{"href":"https:\/\/www.wms-oil.com\/index.php?rest_route=\/wp\/v2\/pages"}],"about":[{"href":"https:\/\/www.wms-oil.com\/index.php?rest_route=\/wp\/v2\/types\/page"}],"author":[{"embeddable":true,"href":"https:\/\/www.wms-oil.com\/index.php?rest_route=\/wp\/v2\/users\/1"}],"replies":[{"embeddable":true,"href":"https:\/\/www.wms-oil.com\/index.php?rest_route=%2Fwp%2Fv2%2Fcomments&post=1858"}],"version-history":[{"count":22,"href":"https:\/\/www.wms-oil.com\/index.php?rest_route=\/wp\/v2\/pages\/1858\/revisions"}],"predecessor-version":[{"id":2152,"href":"https:\/\/www.wms-oil.com\/index.php?rest_route=\/wp\/v2\/pages\/1858\/revisions\/2152"}],"wp:attachment":[{"href":"https:\/\/www.wms-oil.com\/index.php?rest_route=%2Fwp%2Fv2%2Fmedia&parent=1858"}],"curies":[{"name":"wp","href":"https:\/\/api.w.org\/{rel}","templated":true}]}}