{"id":677,"date":"2015-12-01T12:24:18","date_gmt":"2015-12-01T12:24:18","guid":{"rendered":"http:\/\/themes.webdevia.com\/solar-wp\/?page_id=677"},"modified":"2024-07-15T20:38:48","modified_gmt":"2024-07-15T18:38:48","slug":"services-2","status":"publish","type":"page","link":"https:\/\/www.wms-oil.com\/?page_id=677","title":{"rendered":"Stations"},"content":{"rendered":"<div class=\"wpb-content-wrapper\"><p>[vc_row css=\u00a0\u00bb.vc_custom_1715752119024{padding-top: 20px !important;}\u00a0\u00bb][vc_column]\r\n\r\n<div class=\"\" >\r\n  <div class=\"large-12 columns  wd-title-section_c\" >\r\n      <h2>Stations-services<\/h2>\r\n      \r\n  <\/div>\r\n<\/div>\r\n\r\n  \r\n[vc_column_text]<\/p>\n<p style=\"text-align: center;\">Un r\u00e9seau de plus d\u2019une vingtaine de stations-services modernes \u00e0 travers le S\u00e9n\u00e9gal pour satisfaire la client\u00e8le de particuliers et de professionnels<br \/>\n<u><\/u><\/p>\n<p style=\"text-align: center;\">Titan Oil vous propose les services suivants\u00a0:<\/p>\n<p style=\"text-align: center;\"><u><\/u>Vidange \/ Graissage \u2013 Lavage et entretien automobile \u2013 Boutique \u2013 Restaurant \u2013 Transfert d\u2019argent et Mobile Money \u2013 Espace culte (mosqu\u00e9e)<\/p>\n<p>[\/vc_column_text][vc_raw_html css=\u00a0\u00bb.vc_custom_1720415431236{margin-top: 20px !important;margin-bottom: 20px !important;}\u00a0\u00bb]JTVCd3BnbXphJTIwaWQlM0QlMjIxJTIyJTVE[\/vc_raw_html][\/vc_column][\/vc_row][vc_row css=\u00a0\u00bb.vc_custom_1448972816880{margin-bottom: 40px !important;}\u00a0\u00bb][vc_column width=\u00a0\u00bb1\/3&Prime;]\r\n\r\n    <div class=\"wd-section-text-icon\">\r\n      <div\r\n        class=\"wd-text-icon-style5  \" >\r\n        <div class=\"box-icon\">\r\n\t\t\t\t\t\t\t\t\t\t\t\t\t\t\t\t\t            <img decoding=\"async\" src=\"https:\/\/www.wms-oil.com\/wp-content\/uploads\/2024\/07\/WhatsApp-Image-2024-07-10-a-22.58.12_a0e3987e.jpg\" alt=\"icon\"\/>\r\n\t\t\t\t\t        <\/div>\r\n        <div class=\"box-description\">\r\n\t\t\t\t\t\t\t\t\t\t\t\t  \t\t\t\t\t\t\t            <p>\r\n\t\t\t\t\t\t\t              <\/p><\/a>\r\n        <\/div>\r\n\r\n\r\n      <\/div>\r\n    <\/div>\r\n\r\n\r\n\t\t[\/vc_column][vc_column width=\u00a0\u00bb1\/3&Prime;]\r\n\r\n    <div class=\"wd-section-text-icon\">\r\n      <div\r\n        class=\"wd-text-icon-style5  \" >\r\n        <div class=\"box-icon\">\r\n\t\t\t\t\t\t\t\t\t\t\t\t\t\t\t\t\t            <img decoding=\"async\" src=\"https:\/\/www.wms-oil.com\/wp-content\/uploads\/2024\/07\/Sans-titre-1.png\" alt=\"icon\"\/>\r\n\t\t\t\t\t        <\/div>\r\n        <div class=\"box-description\">\r\n\t\t\t\t\t\t\t\t\t\t\t\t  \t\t\t\t\t\t\t            <p>\r\n\t\t\t\t\t\t\t              <\/p><\/a>\r\n        <\/div>\r\n\r\n\r\n      <\/div>\r\n    <\/div>\r\n\r\n\r\n\t\t[\/vc_column][vc_column width=\u00a0\u00bb1\/3&Prime;]\r\n\r\n    <div class=\"wd-section-text-icon\">\r\n      <div\r\n        class=\"wd-text-icon-style5  \" >\r\n        <div class=\"box-icon\">\r\n\t\t\t\t\t\t\t\t\t\t\t\t\t\t\t\t\t            <img decoding=\"async\" src=\"https:\/\/www.wms-oil.com\/wp-content\/uploads\/2024\/07\/IMG-20240715-WA0053.jpg\" alt=\"icon\"\/>\r\n\t\t\t\t\t        <\/div>\r\n        <div class=\"box-description\">\r\n\t\t\t\t\t\t\t\t\t\t\t\t  \t\t\t\t\t\t\t            <p>\r\n\t\t\t\t\t\t\t              <\/p><\/a>\r\n        <\/div>\r\n\r\n\r\n      <\/div>\r\n    <\/div>\r\n\r\n\r\n\t\t[\/vc_column][\/vc_row][vc_row css=\u00a0\u00bb.vc_custom_1448972816880{margin-bottom: 40px !important;}\u00a0\u00bb][vc_column width=\u00a0\u00bb1\/3&Prime;]\r\n\r\n    <div class=\"wd-section-text-icon\">\r\n      <div\r\n        class=\"wd-text-icon-style5  \" >\r\n        <div class=\"box-icon\">\r\n\t\t\t\t\t\t\t\t\t\t\t\t\t\t\t\t\t            <img decoding=\"async\" src=\"https:\/\/www.wms-oil.com\/wp-content\/uploads\/2024\/07\/WhatsApp-Image-2024-07-10-a-23.04.47_4f108d5a.jpg\" alt=\"icon\"\/>\r\n\t\t\t\t\t        <\/div>\r\n        <div class=\"box-description\">\r\n\t\t\t\t\t\t\t\t\t\t\t\t  \t\t\t\t\t\t\t            <p>\r\n\t\t\t\t\t\t\t              <\/p><\/a>\r\n        <\/div>\r\n\r\n\r\n      <\/div>\r\n    <\/div>\r\n\r\n\r\n\t\t[\/vc_column][vc_column width=\u00a0\u00bb1\/3&Prime;]\r\n\r\n    <div class=\"wd-section-text-icon\">\r\n      <div\r\n        class=\"wd-text-icon-style5  \" >\r\n        <div class=\"box-icon\">\r\n\t\t\t\t\t\t\t\t\t\t\t\t\t\t\t\t\t            <img decoding=\"async\" src=\"https:\/\/www.wms-oil.com\/wp-content\/uploads\/2024\/07\/IMG-20240715-WA0055.jpg\" alt=\"icon\"\/>\r\n\t\t\t\t\t        <\/div>\r\n        <div class=\"box-description\">\r\n\t\t\t\t\t\t\t\t\t\t\t\t  \t\t\t\t\t\t\t            <p>\r\n\t\t\t\t\t\t\t              <\/p><\/a>\r\n        <\/div>\r\n\r\n\r\n      <\/div>\r\n    <\/div>\r\n\r\n\r\n\t\t[\/vc_column][vc_column width=\u00a0\u00bb1\/3&Prime;]\r\n\r\n    <div class=\"wd-section-text-icon\">\r\n      <div\r\n        class=\"wd-text-icon-style5  \" >\r\n        <div class=\"box-icon\">\r\n\t\t\t\t\t\t\t\t\t\t\t\t\t\t\t\t\t            <img decoding=\"async\" src=\"https:\/\/www.wms-oil.com\/wp-content\/uploads\/2024\/07\/IMG-20240715-WA0056.jpg\" alt=\"icon\"\/>\r\n\t\t\t\t\t        <\/div>\r\n        <div class=\"box-description\">\r\n\t\t\t\t\t\t\t\t\t\t\t\t  \t\t\t\t\t\t\t            <p>\r\n\t\t\t\t\t\t\t              <\/p><\/a>\r\n        <\/div>\r\n\r\n\r\n      <\/div>\r\n    <\/div>\r\n\r\n\r\n\t\t[\/vc_column][\/vc_row][vc_row][vc_column width=\u00a0\u00bb1\/3&Prime;][\/vc_column][\/vc_row][vc_row css=\u00a0\u00bb.vc_custom_1715752119024{padding-top: 20px !important;}\u00a0\u00bb][vc_column]\r\n\r\n<div class=\"\" >\r\n  <div class=\"large-12 columns  wd-title-section_c\" >\r\n      <h2>Stations de P\u00eache<\/h2>\r\n      \r\n  <\/div>\r\n<\/div>\r\n\r\n  \r\n[vc_column_text css=\u00a0\u00bb.vc_custom_1721068585530{margin-bottom: 40px !important;}\u00a0\u00bb]<\/p>\n<p style=\"text-align: center;\">Afin de mieux servir les p\u00eacheurs artisanaux, Wms-Titan Oil s\u2019est install\u00e9 sur tout<br \/>\nle littoral avec 13 stations de p\u00eache parfaitement accessibles.<\/p>\n<p>[\/vc_column_text][\/vc_column][\/vc_row][vc_row][vc_column width=\u00a0\u00bb1\/3&Prime;]\r\n\r\n    <div class=\"wd-section-text-icon\">\r\n      <div\r\n        class=\"wd-text-icon-style5  \" >\r\n        <div class=\"box-icon\">\r\n\t\t\t\t\t\t\t\t\t\t\t\t\t\t\t\t\t            <img decoding=\"async\" src=\"https:\/\/www.wms-oil.com\/wp-content\/uploads\/2024\/06\/PECHE-1.jpg\" alt=\"icon\"\/>\r\n\t\t\t\t\t        <\/div>\r\n        <div class=\"box-description\">\r\n\t\t\t\t\t\t\t\t\t\t\t\t  \t\t\t\t\t\t\t            <p>\r\n\t\t\t\t\t\t\t              <\/p><\/a>\r\n        <\/div>\r\n\r\n\r\n      <\/div>\r\n    <\/div>\r\n\r\n\r\n\t\t[\/vc_column][vc_column width=\u00a0\u00bb1\/3&Prime;]\r\n\r\n    <div class=\"wd-section-text-icon\">\r\n      <div\r\n        class=\"wd-text-icon-style5  \" >\r\n        <div class=\"box-icon\">\r\n\t\t\t\t\t\t\t\t\t\t\t\t\t\t\t\t\t            <img decoding=\"async\" src=\"https:\/\/www.wms-oil.com\/wp-content\/uploads\/2024\/06\/PECHE-4.jpg\" alt=\"icon\"\/>\r\n\t\t\t\t\t        <\/div>\r\n        <div class=\"box-description\">\r\n\t\t\t\t\t\t\t\t\t\t\t\t  \t\t\t\t\t\t\t            <p>\r\n\t\t\t\t\t\t\t              <\/p><\/a>\r\n        <\/div>\r\n\r\n\r\n      <\/div>\r\n    <\/div>\r\n\r\n\r\n\t\t[\/vc_column][vc_column width=\u00a0\u00bb1\/3&Prime;]\r\n\r\n    <div class=\"wd-section-text-icon\">\r\n      <div\r\n        class=\"wd-text-icon-style5  \" >\r\n        <div class=\"box-icon\">\r\n\t\t\t\t\t\t\t\t\t\t\t\t\t\t\t\t\t            <img decoding=\"async\" src=\"https:\/\/www.wms-oil.com\/wp-content\/uploads\/2024\/07\/IMG-20240715-WA0058.jpg\" alt=\"icon\"\/>\r\n\t\t\t\t\t        <\/div>\r\n        <div class=\"box-description\">\r\n\t\t\t\t\t\t\t\t\t\t\t\t  \t\t\t\t\t\t\t            <p>\r\n\t\t\t\t\t\t\t              <\/p><\/a>\r\n        <\/div>\r\n\r\n\r\n      <\/div>\r\n    <\/div>\r\n\r\n\r\n\t\t[\/vc_column][\/vc_row][vc_row][vc_column width=\u00a0\u00bb1\/3&Prime;]\r\n\r\n    <div class=\"wd-section-text-icon\">\r\n      <div\r\n        class=\"wd-text-icon-style5  \" >\r\n        <div class=\"box-icon\">\r\n\t\t\t\t\t\t\t\t\t\t\t\t\t\t\t\t\t            <img decoding=\"async\" src=\"https:\/\/www.wms-oil.com\/wp-content\/uploads\/2024\/07\/Sans-titre-2.png\" alt=\"icon\"\/>\r\n\t\t\t\t\t        <\/div>\r\n        <div class=\"box-description\">\r\n\t\t\t\t\t\t\t\t\t\t\t\t  \t\t\t\t\t\t\t            <p>\r\n\t\t\t\t\t\t\t              <\/p><\/a>\r\n        <\/div>\r\n\r\n\r\n      <\/div>\r\n    <\/div>\r\n\r\n\r\n\t\t[\/vc_column][vc_column width=\u00a0\u00bb1\/3&Prime;]\r\n\r\n    <div class=\"wd-section-text-icon\">\r\n      <div\r\n        class=\"wd-text-icon-style5  \" >\r\n        <div class=\"box-icon\">\r\n\t\t\t\t\t\t\t\t\t\t\t\t\t\t\t\t\t            <img decoding=\"async\" src=\"https:\/\/www.wms-oil.com\/wp-content\/uploads\/2024\/07\/IMG-20240715-WA0057.jpg\" alt=\"icon\"\/>\r\n\t\t\t\t\t        <\/div>\r\n        <div class=\"box-description\">\r\n\t\t\t\t\t\t\t\t\t\t\t\t  \t\t\t\t\t\t\t            <p>\r\n\t\t\t\t\t\t\t              <\/p><\/a>\r\n        <\/div>\r\n\r\n\r\n      <\/div>\r\n    <\/div>\r\n\r\n\r\n\t\t[\/vc_column][vc_column width=\u00a0\u00bb1\/3&Prime;]\r\n\r\n    <div class=\"wd-section-text-icon\">\r\n      <div\r\n        class=\"wd-text-icon-style5  \" >\r\n        <div class=\"box-icon\">\r\n\t\t\t\t\t\t\t\t\t\t\t\t\t\t\t\t\t            <img decoding=\"async\" src=\"https:\/\/www.wms-oil.com\/wp-content\/uploads\/2024\/07\/IMG-20240715-WA0059.jpg\" alt=\"icon\"\/>\r\n\t\t\t\t\t        <\/div>\r\n        <div class=\"box-description\">\r\n\t\t\t\t\t\t\t\t\t\t\t\t  \t\t\t\t\t\t\t            <p>\r\n\t\t\t\t\t\t\t              <\/p><\/a>\r\n        <\/div>\r\n\r\n\r\n      <\/div>\r\n    <\/div>\r\n\r\n\r\n\t\t[\/vc_column][\/vc_row]<\/p>\n<\/div>","protected":false},"excerpt":{"rendered":"<p>[vc_row css=\u00a0\u00bb.vc_custom_1715752119024{padding-top: 20px !important;}\u00a0\u00bb][vc_column][vc_column_text] Un r\u00e9seau de plus d\u2019une vingtaine de stations-services modernes \u00e0 travers le S\u00e9n\u00e9gal pour satisfaire la client\u00e8le de particuliers et de professionnels Titan Oil vous propose les services suivants\u00a0: Vidange \/ Graissage \u2013 Lavage et entretien automobile \u2013 Boutique \u2013 Restaurant \u2013 Transfert d\u2019argent et Mobile Money \u2013 Espace culte (mosqu\u00e9e) [&hellip;]<\/p>\n","protected":false},"author":1,"featured_media":0,"parent":0,"menu_order":0,"comment_status":"closed","ping_status":"closed","template":"","meta":{"footnotes":""},"_links":{"self":[{"href":"https:\/\/www.wms-oil.com\/index.php?rest_route=\/wp\/v2\/pages\/677"}],"collection":[{"href":"https:\/\/www.wms-oil.com\/index.php?rest_route=\/wp\/v2\/pages"}],"about":[{"href":"https:\/\/www.wms-oil.com\/index.php?rest_route=\/wp\/v2\/types\/page"}],"author":[{"embeddable":true,"href":"https:\/\/www.wms-oil.com\/index.php?rest_route=\/wp\/v2\/users\/1"}],"replies":[{"embeddable":true,"href":"https:\/\/www.wms-oil.com\/index.php?rest_route=%2Fwp%2Fv2%2Fcomments&post=677"}],"version-history":[{"count":47,"href":"https:\/\/www.wms-oil.com\/index.php?rest_route=\/wp\/v2\/pages\/677\/revisions"}],"predecessor-version":[{"id":2198,"href":"https:\/\/www.wms-oil.com\/index.php?rest_route=\/wp\/v2\/pages\/677\/revisions\/2198"}],"wp:attachment":[{"href":"https:\/\/www.wms-oil.com\/index.php?rest_route=%2Fwp%2Fv2%2Fmedia&parent=677"}],"curies":[{"name":"wp","href":"https:\/\/api.w.org\/{rel}","templated":true}]}}