{"id":741,"date":"2015-12-02T16:26:31","date_gmt":"2015-12-02T16:26:31","guid":{"rendered":"http:\/\/themes.webdevia.com\/solar-wp\/?page_id=741"},"modified":"2024-07-30T14:39:52","modified_gmt":"2024-07-30T12:39:52","slug":"portfolio-two","status":"publish","type":"page","link":"https:\/\/www.wms-oil.com\/?page_id=741","title":{"rendered":"Services"},"content":{"rendered":"<div class=\"wpb-content-wrapper\"><p>[vc_row full_width=\u00a0\u00bbstretch_row\u00a0\u00bb css=\u00a0\u00bb.vc_custom_1449072309072{margin-bottom: 0px !important;padding-top: 50px !important;}\u00a0\u00bb][vc_column]\r\n\r\n<div class=\"\" >\r\n  <div class=\"large-12 columns  wd-title-section_c\" >\r\n      <h2>Cartes Titan Oil<\/h2>\r\n      \r\n  <\/div>\r\n<\/div>\r\n\r\n  \r\n[vc_row_inner][vc_column_inner width=\u00a0\u00bb1\/6&Prime;][\/vc_column_inner][vc_column_inner width=\u00a0\u00bb2\/3&Prime;][vc_column_text]<\/p>\n<p style=\"text-align: center;\">Les cartes Titan Oil sont accept\u00e9es sur un r\u00e9seau de plus de 100 points<br \/>\nde vente gr\u00e2ce au partenariat avec certaines compagnies locales<br \/>\ns\u00e9n\u00e9galaises (STAR OIL, NEPTUNE OIL, MAGIK OIL et CIEL OIL)<\/p>\n<p style=\"text-align: center;\">Ces outils mon\u00e9tique totalement s\u00e9curis\u00e9s utilisent la technologie CYNOD.<br \/>\nLes cartes sont accept\u00e9es dans le r\u00e9seau des boutiques et aussi au niveau<br \/>\ndes espaces autos (vidange, lavage, graissage, diagnostic, \u2026)[\/vc_column_text][\/vc_column_inner][vc_column_inner width=\u00a0\u00bb1\/6&Prime;][\/vc_column_inner][\/vc_row_inner][vc_single_image image=\u00a0\u00bb2001&Prime; img_size=\u00a0\u00bbfull\u00a0\u00bb alignment=\u00a0\u00bbcenter\u00a0\u00bb css_animation=\u00a0\u00bbbounceIn\u00a0\u00bb css=\u00a0\u00bb.vc_custom_1720578467017{margin-top: 40px !important;margin-bottom: 40px !important;}\u00a0\u00bb][\/vc_column][\/vc_row][vc_row full_width=\u00a0\u00bbstretch_row\u00a0\u00bb][vc_column]\r\n\r\n<div class=\"\" >\r\n  <div class=\"large-12 columns  wd-title-section_c\" >\r\n      <h2>Boutiques<\/h2>\r\n      \r\n  <\/div>\r\n<\/div>\r\n\r\n  \r\n[vc_column_text]<\/p>\n<p style=\"text-align: center;\">Nos boutiques Nafio, parfaitement achaland\u00e9es,<br \/>\nvous permettront d\u2019acc\u00e9der \u00e0 divers produits du quotidien dans<br \/>\nl\u2019espace de nos stations-services.[\/vc_column_text][vc_images_carousel images=\u00a0\u00bb2087,1885,1880&Prime; img_size=\u00a0\u00bbfull\u00a0\u00bb slides_per_view=\u00a0\u00bb3&Prime; css=\u00a0\u00bb.vc_custom_1720578528488{margin-top: 40px !important;margin-bottom: 40px !important;}\u00a0\u00bb][\/vc_column][\/vc_row]<\/p>\n<\/div>","protected":false},"excerpt":{"rendered":"<p>[vc_row full_width=\u00a0\u00bbstretch_row\u00a0\u00bb css=\u00a0\u00bb.vc_custom_1449072309072{margin-bottom: 0px !important;padding-top: 50px !important;}\u00a0\u00bb][vc_column][vc_row_inner][vc_column_inner width=\u00a0\u00bb1\/6&Prime;][\/vc_column_inner][vc_column_inner width=\u00a0\u00bb2\/3&Prime;][vc_column_text] Les cartes Titan Oil sont accept\u00e9es sur un r\u00e9seau de plus de 100 points de vente gr\u00e2ce au partenariat avec certaines compagnies locales s\u00e9n\u00e9galaises (STAR OIL, NEPTUNE OIL, MAGIK OIL et CIEL OIL) Ces outils mon\u00e9tique totalement s\u00e9curis\u00e9s utilisent la technologie CYNOD. Les cartes sont accept\u00e9es [&hellip;]<\/p>\n","protected":false},"author":1,"featured_media":0,"parent":0,"menu_order":0,"comment_status":"closed","ping_status":"closed","template":"","meta":{"footnotes":""},"_links":{"self":[{"href":"https:\/\/www.wms-oil.com\/index.php?rest_route=\/wp\/v2\/pages\/741"}],"collection":[{"href":"https:\/\/www.wms-oil.com\/index.php?rest_route=\/wp\/v2\/pages"}],"about":[{"href":"https:\/\/www.wms-oil.com\/index.php?rest_route=\/wp\/v2\/types\/page"}],"author":[{"embeddable":true,"href":"https:\/\/www.wms-oil.com\/index.php?rest_route=\/wp\/v2\/users\/1"}],"replies":[{"embeddable":true,"href":"https:\/\/www.wms-oil.com\/index.php?rest_route=%2Fwp%2Fv2%2Fcomments&post=741"}],"version-history":[{"count":25,"href":"https:\/\/www.wms-oil.com\/index.php?rest_route=\/wp\/v2\/pages\/741\/revisions"}],"predecessor-version":[{"id":2221,"href":"https:\/\/www.wms-oil.com\/index.php?rest_route=\/wp\/v2\/pages\/741\/revisions\/2221"}],"wp:attachment":[{"href":"https:\/\/www.wms-oil.com\/index.php?rest_route=%2Fwp%2Fv2%2Fmedia&parent=741"}],"curies":[{"name":"wp","href":"https:\/\/api.w.org\/{rel}","templated":true}]}}