{"id":883,"date":"2016-01-04T15:52:41","date_gmt":"2016-01-04T15:52:41","guid":{"rendered":"http:\/\/themes.webdevia.com\/solar-wp\/?page_id=883"},"modified":"2025-04-18T14:56:11","modified_gmt":"2025-04-18T12:56:11","slug":"home-3","status":"publish","type":"page","link":"https:\/\/www.wms-oil.com\/","title":{"rendered":"Home"},"content":{"rendered":"<div class=\"wpb-content-wrapper\"><p>[vc_row content_placement=\u00a0\u00bbmiddle\u00a0\u00bb][vc_column][rev_slider_vc alias=\u00a0\u00bbhome-one-slider\u00a0\u00bb][\/vc_column][\/vc_row][vc_row css_animation=\u00a0\u00bbnone\u00a0\u00bb css=\u00a0\u00bb.vc_custom_1718283562261{margin-top: 10px !important;}\u00a0\u00bb][vc_column width=\u00a0\u00bb1\/3&Prime;]\r\n\r\n\r\n\r\n<div class=\"wd-section-blog-services text-center style-3\">\r\n  <article class=\"layout-2  \" >\r\n      <div class=\"wd-blog-post\">\r\n        <div class=\"svg-wrapper\">\r\n          <svg width=\"172\" height=\"172\" xmlns=\"http:\/\/www.w3.org\/2000\/svg\">\r\n            <rect height=\"166\" width=\"166\" class=\"shape\"><\/rect>\r\n          <\/svg>\r\n          <div class=\"img-wrapper\">\r\n\r\n                                   <img decoding=\"async\" src=\"https:\/\/www.wms-oil.com\/wp-content\/uploads\/2024\/06\/P1254206-1024x683.jpg\" alt=\"icon\"\/>\r\n          <\/div>\r\n        <\/div>\r\n        <h4 class=\"wd-title-element\">AUTOMOBILES<\/h4>\r\n        <p>\r\n          Nous distribuons des huiles et des carburants de haute qualit\u00e9 (Gasoil, Super et m\u00e9lange). Nous assurons l\u2019entretien technique et le lavage de vos v\u00e9hicules (voitures, camions, bus, etc\u2026.).        <\/p>\r\n      <\/div>\r\n  <\/article>\r\n  <\/div>\r\n    [\/vc_column][vc_column css_animation=\u00a0\u00bbnone\u00a0\u00bb width=\u00a0\u00bb1\/3&Prime;]\r\n\r\n\r\n\r\n<div class=\"wd-section-blog-services text-center style-3\">\r\n  <article class=\"layout-2  \" >\r\n      <div class=\"wd-blog-post\">\r\n        <div class=\"svg-wrapper\">\r\n          <svg width=\"172\" height=\"172\" xmlns=\"http:\/\/www.w3.org\/2000\/svg\">\r\n            <rect height=\"166\" width=\"166\" class=\"shape\"><\/rect>\r\n          <\/svg>\r\n          <div class=\"img-wrapper\">\r\n\r\n                                   <img decoding=\"async\" src=\"https:\/\/www.wms-oil.com\/wp-content\/uploads\/2024\/06\/F-SP2-R-bottom_web.jpg\" alt=\"icon\"\/>\r\n          <\/div>\r\n        <\/div>\r\n        <h4 class=\"wd-title-element\">P\u00caCHE<\/h4>\r\n        <p>\r\n          Toujours plus proches de nos p\u00eacheurs artisanaux, nous avons install\u00e9 des points de distribution tout le long du littoral afin de leur permettre de travailler dans les meilleures conditions.        <\/p>\r\n      <\/div>\r\n  <\/article>\r\n  <\/div>\r\n    [\/vc_column][vc_column width=\u00a0\u00bb1\/3&Prime;]\r\n\r\n\r\n\r\n<div class=\"wd-section-blog-services text-center style-3\">\r\n  <article class=\"layout-2  \" >\r\n      <div class=\"wd-blog-post\">\r\n        <div class=\"svg-wrapper\">\r\n          <svg width=\"172\" height=\"172\" xmlns=\"http:\/\/www.w3.org\/2000\/svg\">\r\n            <rect height=\"166\" width=\"166\" class=\"shape\"><\/rect>\r\n          <\/svg>\r\n          <div class=\"img-wrapper\">\r\n\r\n                                   <img decoding=\"async\" src=\"https:\/\/www.wms-oil.com\/wp-content\/uploads\/2024\/06\/WhatsApp-Image-2024-06-12-a-16.38.24_e7ff31ec-1.jpg\" alt=\"icon\"\/>\r\n          <\/div>\r\n        <\/div>\r\n        <h4 class=\"wd-title-element\">PROFESSIONNELS<\/h4>\r\n        <p>\r\n          Industriels, acteurs du b\u00e2timent et des travaux publics, promoteurs immobiliers, concessionnaires automobiles, transporteurs, boulangers, \u2026consultez-nous pour des offres personnalis\u00e9es d\u2019installation sur site.        <\/p>\r\n      <\/div>\r\n  <\/article>\r\n  <\/div>\r\n    [\/vc_column][\/vc_row][vc_row full_width=\u00a0\u00bbstretch_row\u00a0\u00bb css=\u00a0\u00bb.vc_custom_1467215196765{border-top-width: 0px !important;border-bottom-width: 0px !important;background-image: url(http:\/\/localhost\/petroleum\/wp-content\/uploads\/2016\/01\/bg-1.jpg?id=1213) !important;background-position: center !important;background-repeat: no-repeat !important;background-size: cover !important;border-top-style: solid !important;border-bottom-style: solid !important;}\u00a0\u00bb font_color=\u00a0\u00bb#ffffff\u00a0\u00bb][vc_column][vc_row_inner][vc_column_inner el_class=\u00a0\u00bbdarker-text\u00a0\u00bb width=\u00a0\u00bb1\/2&Prime; css=\u00a0\u00bb.vc_custom_1718283645842{padding-top: 50px !important;padding-left: 10px !important;}\u00a0\u00bb]\r\n\r\n<div class=\"\" >\r\n  <div class=\"large-12 columns  wd-title-section_l\" >\r\n      <h2>Titan Oil<\/h2>\r\n      \r\n  <\/div>\r\n<\/div>\r\n\r\n  \r\n[vc_column_text]<\/p>\n<p style=\"text-align: left;\">Cr\u00e9\u00e9e en 2012, avec des capitaux essentiellement nationaux,<br \/>\nla compagnie Titan Oil a d\u00e9marr\u00e9 ses activit\u00e9s en octobre 2014<br \/>\navec une \u00e9quipe dirigeante dot\u00e9e d\u2019une exp\u00e9rience av\u00e9r\u00e9e dans<br \/>\nle domaine de la distribution d\u2019hydrocarbures.<\/p>\n<p style=\"text-align: left;\">Nous totalisons aujourd\u2019hui plus de 35 points de distribution<br \/>\n\u00e0 travers le pays et continuons notre expansion.[\/vc_column_text][\/vc_column_inner][vc_column_inner width=\u00a0\u00bb1\/2&Prime;][vc_single_image image=\u00a0\u00bb2031&Prime; img_size=\u00a0\u00bbfull\u00a0\u00bb alignment=\u00a0\u00bbright\u00a0\u00bb][\/vc_column_inner][\/vc_row_inner][\/vc_column][\/vc_row][vc_row full_width=\u00a0\u00bbstretch_row\u00a0\u00bb parallax=\u00a0\u00bbyes\u00a0\u00bb css=\u00a0\u00bb.vc_custom_1718289682868{padding-top: 100px !important;padding-bottom: 100px !important;background-color: #f8f9f9 !important;}\u00a0\u00bb font_color=\u00a0\u00bb#000000&Prime; el_class=\u00a0\u00bbwd-section-project\u00a0\u00bb animation_delay=\u00a0\u00bb300&Prime; el_id=\u00a0\u00bbNos_Produits\u00a0\u00bb][vc_column][vc_row_inner el_class=\u00a0\u00bbrow\u00a0\u00bb][vc_column_inner]\r\n\r\n<div class=\"\" >\r\n  <div class=\"large-12 columns  wd-title-section_c\" >\r\n      <h2>Nos Produits<\/h2>\r\n        <h5>Carburants - Lubrifiants - Entretien technique - Lavage - Boutiques - B to B<\/h5>\r\n    \r\n  <\/div>\r\n<\/div>\r\n\r\n  \r\n  \r\n<div class=\"wd-section-project\">\r\n  \r\n\r\n\t<ul class='masque portfolio-grid small-block-grid-1\t medium-block-grid-2 large-block-grid-3'>\r\n\t\t\t\t\t<li class=\" animated \" data-animated=fadeInUp>\r\n\t\t\t\t<div class=\"wd-project hvr-underline-from-center\">\r\n\t\t\t\t\t<img loading=\"lazy\" decoding=\"async\" width=\"380\" height=\"254\" src=\"https:\/\/www.wms-oil.com\/wp-content\/uploads\/2024\/06\/P1254042-380x254.jpg\" class=\"attachment-petroleum_portfolio size-petroleum_portfolio wp-post-image\" alt=\"\" \/>\t\t\t\t\t<a href=\"https:\/\/www.wms-oil.com\/?portfolio=consectetur-adipiscing\"><h4>Carburants<\/h4><\/a>\r\n\r\n\t\t\t\t\t<p><\/p>\r\n\t\t\t\t<\/div>\r\n\r\n\t\t\t<\/li>\r\n\t\t\t\t\t<li class=\" animated \" data-animated=fadeInUp>\r\n\t\t\t\t<div class=\"wd-project hvr-underline-from-center\">\r\n\t\t\t\t\t<img loading=\"lazy\" decoding=\"async\" width=\"380\" height=\"254\" src=\"https:\/\/www.wms-oil.com\/wp-content\/uploads\/2024\/06\/P1254145-380x254.jpg\" class=\"attachment-petroleum_portfolio size-petroleum_portfolio wp-post-image\" alt=\"\" srcset=\"https:\/\/www.wms-oil.com\/wp-content\/uploads\/2024\/06\/P1254145-380x254.jpg 380w, https:\/\/www.wms-oil.com\/wp-content\/uploads\/2024\/06\/P1254145-300x200.jpg 300w, https:\/\/www.wms-oil.com\/wp-content\/uploads\/2024\/06\/P1254145-1024x683.jpg 1024w, https:\/\/www.wms-oil.com\/wp-content\/uploads\/2024\/06\/P1254145-768x512.jpg 768w, https:\/\/www.wms-oil.com\/wp-content\/uploads\/2024\/06\/P1254145-1536x1024.jpg 1536w, https:\/\/www.wms-oil.com\/wp-content\/uploads\/2024\/06\/P1254145-2048x1365.jpg 2048w\" sizes=\"(max-width: 380px) 100vw, 380px\" \/>\t\t\t\t\t<a href=\"https:\/\/www.wms-oil.com\/?portfolio=consectetur-adipiscing-5\"><h4>Lubrifiants<\/h4><\/a>\r\n\r\n\t\t\t\t\t<p><\/p>\r\n\t\t\t\t<\/div>\r\n\r\n\t\t\t<\/li>\r\n\t\t\t\t\t<li class=\" animated \" data-animated=fadeInUp>\r\n\t\t\t\t<div class=\"wd-project hvr-underline-from-center\">\r\n\t\t\t\t\t<img loading=\"lazy\" decoding=\"async\" width=\"281\" height=\"190\" src=\"https:\/\/www.wms-oil.com\/wp-content\/uploads\/2015\/12\/LUBRIFIANTS-e1718286094950.jpg\" class=\"attachment-petroleum_portfolio size-petroleum_portfolio wp-post-image\" alt=\"\" \/>\t\t\t\t\t<a href=\"https:\/\/www.wms-oil.com\/?portfolio=consectetur-adipiscing-8\"><h4>Entretien technique<\/h4><\/a>\r\n\r\n\t\t\t\t\t<p><\/p>\r\n\t\t\t\t<\/div>\r\n\r\n\t\t\t<\/li>\r\n\t\t\t\t\t<li class=\" animated \" data-animated=fadeInUp>\r\n\t\t\t\t<div class=\"wd-project hvr-underline-from-center\">\r\n\t\t\t\t\t<img loading=\"lazy\" decoding=\"async\" width=\"380\" height=\"254\" src=\"https:\/\/www.wms-oil.com\/wp-content\/uploads\/2024\/06\/P1253886-scaled-e1718270639557-380x254.jpg\" class=\"attachment-petroleum_portfolio size-petroleum_portfolio wp-post-image\" alt=\"\" \/>\t\t\t\t\t<a href=\"https:\/\/www.wms-oil.com\/?portfolio=consectetur-adipiscing-7\"><h4>Lavage<\/h4><\/a>\r\n\r\n\t\t\t\t\t<p><\/p>\r\n\t\t\t\t<\/div>\r\n\r\n\t\t\t<\/li>\r\n\t\t\t\t\t<li class=\" animated \" data-animated=fadeInUp>\r\n\t\t\t\t<div class=\"wd-project hvr-underline-from-center\">\r\n\t\t\t\t\t<img loading=\"lazy\" decoding=\"async\" width=\"380\" height=\"254\" src=\"https:\/\/www.wms-oil.com\/wp-content\/uploads\/2024\/06\/P1254199-380x254.jpg\" class=\"attachment-petroleum_portfolio size-petroleum_portfolio wp-post-image\" alt=\"\" srcset=\"https:\/\/www.wms-oil.com\/wp-content\/uploads\/2024\/06\/P1254199-380x254.jpg 380w, https:\/\/www.wms-oil.com\/wp-content\/uploads\/2024\/06\/P1254199-300x200.jpg 300w, https:\/\/www.wms-oil.com\/wp-content\/uploads\/2024\/06\/P1254199-1024x683.jpg 1024w, https:\/\/www.wms-oil.com\/wp-content\/uploads\/2024\/06\/P1254199-768x512.jpg 768w, https:\/\/www.wms-oil.com\/wp-content\/uploads\/2024\/06\/P1254199-1536x1024.jpg 1536w, https:\/\/www.wms-oil.com\/wp-content\/uploads\/2024\/06\/P1254199-2048x1365.jpg 2048w\" sizes=\"(max-width: 380px) 100vw, 380px\" \/>\t\t\t\t\t<a href=\"https:\/\/www.wms-oil.com\/?portfolio=consectetur-adipiscing-4\"><h4>Boutiques<\/h4><\/a>\r\n\r\n\t\t\t\t\t<p><\/p>\r\n\t\t\t\t<\/div>\r\n\r\n\t\t\t<\/li>\r\n\t\t\t\t\t<li class=\" animated \" data-animated=fadeInUp>\r\n\t\t\t\t<div class=\"wd-project hvr-underline-from-center\">\r\n\t\t\t\t\t<img loading=\"lazy\" decoding=\"async\" width=\"380\" height=\"254\" src=\"https:\/\/www.wms-oil.com\/wp-content\/uploads\/2024\/06\/WhatsApp-Image-2024-06-13-a-13.12.45_fb495336-380x254.jpg\" class=\"attachment-petroleum_portfolio size-petroleum_portfolio wp-post-image\" alt=\"\" \/>\t\t\t\t\t<a href=\"https:\/\/www.wms-oil.com\/?portfolio=b-to-b\"><h4>B to B<\/h4><\/a>\r\n\r\n\t\t\t\t\t<p><\/p>\r\n\t\t\t\t<\/div>\r\n\r\n\t\t\t<\/li>\r\n\t\t\t<\/ul>\r\n\t\r\n<\/div>\r\n  \r\n  \r\n  \r\n  \r\n  [\/vc_column_inner][\/vc_row_inner][vc_column_text][\/vc_column_text][\/vc_column][\/vc_row][vc_row full_width=\u00a0\u00bbstretch_row\u00a0\u00bb css=\u00a0\u00bb.vc_custom_1715748306120{background-color: #43af00 !important;}\u00a0\u00bb][vc_column][vc_column_text css=\u00a0\u00bb.vc_custom_1718289343041{padding-top: 20px !important;}\u00a0\u00bb]<\/p>\n<h4 style=\"text-align: center; size: 24px;\"><span style=\"color: #ffffff;\">\u201cTitan Oil, Une \u00e9nergie bien S\u00e9n\u00e9galaise\u201d<\/span><\/h4>\n<p>&nbsp;[\/vc_column_text][\/vc_column][\/vc_row][vc_row css=\u00a0\u00bb.vc_custom_1451928480699{padding-top: 100px !important;padding-bottom: 70px !important;}\u00a0\u00bb animation_delay=\u00a0\u00bb300&Prime;][vc_column]\r\n\r\n<div class=\"\" >\r\n  <div class=\"large-12 columns  wd-title-section_c\" >\r\n      <h2>Actualit\u00e9s<\/h2>\r\n      \r\n  <\/div>\r\n<\/div>\r\n\r\n  \r\n\r\n    <ul\r\n      class='simple-blog small-block-grid-1 medium-block-grid-2 large-block-grid-3'>\r\n      \r\n        <li>\r\n          <div\r\n            class=\"wd-latest-news hvr-underline-from-center \" >\r\n            <div class=\"wd-image-date\">\r\n              <img loading=\"lazy\" decoding=\"async\" width=\"430\" height=\"295\" src=\"https:\/\/www.wms-oil.com\/wp-content\/uploads\/2025\/04\/Premiere-Cargaison-2jpg.jpg\" class=\"attachment-petroleum_blog_shortcode size-petroleum_blog_shortcode wp-post-image\" alt=\"\" srcset=\"https:\/\/www.wms-oil.com\/wp-content\/uploads\/2025\/04\/Premiere-Cargaison-2jpg.jpg 430w, https:\/\/www.wms-oil.com\/wp-content\/uploads\/2025\/04\/Premiere-Cargaison-2jpg-300x206.jpg 300w\" sizes=\"(max-width: 430px) 100vw, 430px\" \/>              <span><strong>17<\/strong>Avr<\/span>\r\n            <\/div>\r\n            <h4 class=\"wd-title-element\"><a href=\"https:\/\/www.wms-oil.com\/?p=2234\">BP CHARGE LA PREMI\u00c8RE CARGAISON DE GAZ DU PROJET GTA<\/a><\/h4>\r\n            <p>\r\n              La compagnie \u00e9nerg\u00e9tique BP a annonc\u00e9 jeudi avoir charg\u00e9 la premi\u00e8re cargaison de gaz naturel liqu\u00e9fi\u00e9 (GNL) du projet Grand Tortue Ahmeyim (GTA), une \u00e9tape\u2026              <a class=\"hvr-pop read-more\" href=\"https:\/\/www.wms-oil.com\/?p=2234\">Read More \u2192<\/a>\r\n            <\/p>\r\n          <\/div>\r\n        <\/li>\r\n      \r\n        <li>\r\n          <div\r\n            class=\"wd-latest-news hvr-underline-from-center \" >\r\n            <div class=\"wd-image-date\">\r\n              <img loading=\"lazy\" decoding=\"async\" width=\"828\" height=\"1080\" src=\"https:\/\/www.wms-oil.com\/wp-content\/uploads\/2025\/02\/PHOTO-2025-02-13-18-14-54.jpg\" class=\"attachment-petroleum_blog_shortcode size-petroleum_blog_shortcode wp-post-image\" alt=\"\" srcset=\"https:\/\/www.wms-oil.com\/wp-content\/uploads\/2025\/02\/PHOTO-2025-02-13-18-14-54.jpg 828w, https:\/\/www.wms-oil.com\/wp-content\/uploads\/2025\/02\/PHOTO-2025-02-13-18-14-54-230x300.jpg 230w, https:\/\/www.wms-oil.com\/wp-content\/uploads\/2025\/02\/PHOTO-2025-02-13-18-14-54-785x1024.jpg 785w, https:\/\/www.wms-oil.com\/wp-content\/uploads\/2025\/02\/PHOTO-2025-02-13-18-14-54-768x1002.jpg 768w\" sizes=\"(max-width: 828px) 100vw, 828px\" \/>              <span><strong>14<\/strong>F\u00e9v<\/span>\r\n            <\/div>\r\n            <h4 class=\"wd-title-element\"><a href=\"https:\/\/www.wms-oil.com\/?p=2229\">La SAR a raffin\u00e9 avec succ\u00e8s le brut de Sangomar<\/a><\/h4>\r\n            <p>\r\n              Un communiqu\u00e9 de la SAR nous informe que le brut de Sangomar a \u00e9t\u00e9 raffin\u00e9 avec succ\u00e8s. Cette \u00e9tape d\u00e9terminante fait entrer le S\u00e9n\u00e9gal dans\u2026              <a class=\"hvr-pop read-more\" href=\"https:\/\/www.wms-oil.com\/?p=2229\">Read More \u2192<\/a>\r\n            <\/p>\r\n          <\/div>\r\n        <\/li>\r\n      \r\n        <li>\r\n          <div\r\n            class=\"wd-latest-news hvr-underline-from-center \" >\r\n            <div class=\"wd-image-date\">\r\n              <img loading=\"lazy\" decoding=\"async\" width=\"600\" height=\"411\" src=\"https:\/\/www.wms-oil.com\/wp-content\/uploads\/2024\/07\/Senegal1.jpg\" class=\"attachment-petroleum_blog_shortcode size-petroleum_blog_shortcode wp-post-image\" alt=\"\" srcset=\"https:\/\/www.wms-oil.com\/wp-content\/uploads\/2024\/07\/Senegal1.jpg 600w, https:\/\/www.wms-oil.com\/wp-content\/uploads\/2024\/07\/Senegal1-300x206.jpg 300w\" sizes=\"(max-width: 600px) 100vw, 600px\" \/>              <span><strong>04<\/strong>Juil<\/span>\r\n            <\/div>\r\n            <h4 class=\"wd-title-element\"><a href=\"https:\/\/www.wms-oil.com\/?p=2118\">\u00c9CONOMIE NATIONALE<\/a><\/h4>\r\n            <p>\r\n              Une croissance \u00e9conomique projet\u00e9e \u00e0 plus de 10% en 2025, selon le FMI. Le S\u00e9n\u00e9gal devrait conna\u00eetre une croissance \u00e9conomique spectaculaire en 2025, avec un\u2026              <a class=\"hvr-pop read-more\" href=\"https:\/\/www.wms-oil.com\/?p=2118\">Read More \u2192<\/a>\r\n            <\/p>\r\n          <\/div>\r\n        <\/li>\r\n      \r\n        <li>\r\n          <div\r\n            class=\"wd-latest-news hvr-underline-from-center \" >\r\n            <div class=\"wd-image-date\">\r\n              <img loading=\"lazy\" decoding=\"async\" width=\"600\" height=\"411\" src=\"https:\/\/www.wms-oil.com\/wp-content\/uploads\/2024\/07\/Petrole2.jpg\" class=\"attachment-petroleum_blog_shortcode size-petroleum_blog_shortcode wp-post-image\" alt=\"\" srcset=\"https:\/\/www.wms-oil.com\/wp-content\/uploads\/2024\/07\/Petrole2.jpg 600w, https:\/\/www.wms-oil.com\/wp-content\/uploads\/2024\/07\/Petrole2-300x206.jpg 300w\" sizes=\"(max-width: 600px) 100vw, 600px\" \/>              <span><strong>04<\/strong>Juil<\/span>\r\n            <\/div>\r\n            <h4 class=\"wd-title-element\"><a href=\"https:\/\/www.wms-oil.com\/?p=2113\">LE S\u00c9N\u00c9GAL DEVIENT MEMBRE DE L&rsquo;OPEP<\/a><\/h4>\r\n            <p>\r\n              Le\u00a0S\u00e9n\u00e9gal\u00a0a officiellement rejoint l\u2019Organisation des pays exportateurs de p\u00e9trole (OPEP), quelques semaines apr\u00e8s l\u2019annonce de l\u2019extraction des premiers barils de p\u00e9trole dans le champ de\u2026              <a class=\"hvr-pop read-more\" href=\"https:\/\/www.wms-oil.com\/?p=2113\">Read More \u2192<\/a>\r\n            <\/p>\r\n          <\/div>\r\n        <\/li>\r\n      \r\n        <li>\r\n          <div\r\n            class=\"wd-latest-news hvr-underline-from-center \" >\r\n            <div class=\"wd-image-date\">\r\n              <img loading=\"lazy\" decoding=\"async\" width=\"600\" height=\"411\" src=\"https:\/\/www.wms-oil.com\/wp-content\/uploads\/2024\/06\/Tortue.png\" class=\"attachment-petroleum_blog_shortcode size-petroleum_blog_shortcode wp-post-image\" alt=\"\" srcset=\"https:\/\/www.wms-oil.com\/wp-content\/uploads\/2024\/06\/Tortue.png 600w, https:\/\/www.wms-oil.com\/wp-content\/uploads\/2024\/06\/Tortue-300x206.png 300w\" sizes=\"(max-width: 600px) 100vw, 600px\" \/>              <span><strong>28<\/strong>Juin<\/span>\r\n            <\/div>\r\n            <h4 class=\"wd-title-element\"><a href=\"https:\/\/www.wms-oil.com\/?p=2105\">PROJET GAZIER TORTUE-AHMEYIM<\/a><\/h4>\r\n            <p>\r\n              Comment va t-il red\u00e9finir l'avenir \u00e9conomique de la Mauritanie et du S\u00e9n\u00e9gal? Apr\u00e8s des ann\u00e9es de pr\u00e9paration, la Mauritanie et le S\u00e9n\u00e9gal sont sur le\u2026              <a class=\"hvr-pop read-more\" href=\"https:\/\/www.wms-oil.com\/?p=2105\">Read More \u2192<\/a>\r\n            <\/p>\r\n          <\/div>\r\n        <\/li>\r\n      \r\n        <li>\r\n          <div\r\n            class=\"wd-latest-news hvr-underline-from-center \" >\r\n            <div class=\"wd-image-date\">\r\n              <img loading=\"lazy\" decoding=\"async\" width=\"300\" height=\"209\" src=\"https:\/\/www.wms-oil.com\/wp-content\/uploads\/2014\/08\/PETROL_1-300x209-1.jpg\" class=\"attachment-petroleum_blog_shortcode size-petroleum_blog_shortcode wp-post-image\" alt=\"\" \/>              <span><strong>28<\/strong>Ao\u00fbt<\/span>\r\n            <\/div>\r\n            <h4 class=\"wd-title-element\"><a href=\"https:\/\/www.wms-oil.com\/?p=304\">La soci\u00e9t\u00e9 Cairn a d\u00e9couvert un nouveau gisement p\u00e9trolier au S\u00e9n\u00e9gal<\/a><\/h4>\r\n            <p>\r\n              Sed odio orci, fringilla nec dolor et, euismod auctor mauris. Curabitur semper dui diam, nec accumsan mauris consequat sed. Interdum et malesuada fames ac ante\u2026              <a class=\"hvr-pop read-more\" href=\"https:\/\/www.wms-oil.com\/?p=304\">Read More \u2192<\/a>\r\n            <\/p>\r\n          <\/div>\r\n        <\/li>\r\n      \r\n        <li>\r\n          <div\r\n            class=\"wd-latest-news hvr-underline-from-center \" >\r\n            <div class=\"wd-image-date\">\r\n              <img loading=\"lazy\" decoding=\"async\" width=\"300\" height=\"209\" src=\"https:\/\/www.wms-oil.com\/wp-content\/uploads\/2014\/08\/SENEGAL-300x209-1.jpg\" class=\"attachment-petroleum_blog_shortcode size-petroleum_blog_shortcode wp-post-image\" alt=\"\" \/>              <span><strong>28<\/strong>Ao\u00fbt<\/span>\r\n            <\/div>\r\n            <h4 class=\"wd-title-element\"><a href=\"https:\/\/www.wms-oil.com\/?p=305\">Le S\u00e9n\u00e9gal attend un milliard de barils de ses terres<\/a><\/h4>\r\n            <p>\r\n              Sed odio orci, fringilla nec dolor et, euismod auctor mauris. Curabitur semper dui diam, nec accumsan mauris consequat sed. Interdum et malesuada fames ac ante\u2026              <a class=\"hvr-pop read-more\" href=\"https:\/\/www.wms-oil.com\/?p=305\">Read More \u2192<\/a>\r\n            <\/p>\r\n          <\/div>\r\n        <\/li>\r\n          <\/ul>\r\n    <!-- pagination here -->\r\n        [\/vc_column][\/vc_row][vc_row full_width=\u00a0\u00bbstretch_row\u00a0\u00bb css=\u00a0\u00bb.vc_custom_1715750917481{margin-top: 0px !important;margin-bottom: 0px !important;padding-top: 20px !important;padding-bottom: 110px !important;background-color: #f8f9f9 !important;background-position: center !important;background-repeat: no-repeat !important;background-size: cover !important;}\u00a0\u00bb][vc_column css=\u00a0\u00bb.vc_custom_1715751015174{padding-top: 20px !important;}\u00a0\u00bb]\r\n\r\n<div class=\"\" >\r\n  <div class=\"large-12 columns  wd-title-section_c\" >\r\n      <h2>Nos Partenaires<\/h2>\r\n      \r\n  <\/div>\r\n<\/div>\r\n\r\n  \r\n[vc_images_carousel images=\u00a0\u00bb1789,1790,1792,1793,1794,2222,2223,2224,2225&Prime; img_size=\u00a0\u00bbfull\u00a0\u00bb slides_per_view=\u00a0\u00bb5&Prime; autoplay=\u00a0\u00bbyes\u00a0\u00bb wrap=\u00a0\u00bbyes\u00a0\u00bb][\/vc_column][\/vc_row]<\/p>\n<\/div>","protected":false},"excerpt":{"rendered":"<p>[vc_row content_placement=\u00a0\u00bbmiddle\u00a0\u00bb][vc_column][rev_slider_vc alias=\u00a0\u00bbhome-one-slider\u00a0\u00bb][\/vc_column][\/vc_row][vc_row css_animation=\u00a0\u00bbnone\u00a0\u00bb css=\u00a0\u00bb.vc_custom_1718283562261{margin-top: 10px !important;}\u00a0\u00bb][vc_column width=\u00a0\u00bb1\/3&Prime;][\/vc_column][vc_column css_animation=\u00a0\u00bbnone\u00a0\u00bb width=\u00a0\u00bb1\/3&Prime;][\/vc_column][vc_column width=\u00a0\u00bb1\/3&Prime;][\/vc_column][\/vc_row][vc_row full_width=\u00a0\u00bbstretch_row\u00a0\u00bb css=\u00a0\u00bb.vc_custom_1467215196765{border-top-width: 0px !important;border-bottom-width: 0px !important;background-image: url(http:\/\/localhost\/petroleum\/wp-content\/uploads\/2016\/01\/bg-1.jpg?id=1213) !important;background-position: center !important;background-repeat: no-repeat !important;background-size: cover !important;border-top-style: solid !important;border-bottom-style: solid !important;}\u00a0\u00bb font_color=\u00a0\u00bb#ffffff\u00a0\u00bb][vc_column][vc_row_inner][vc_column_inner el_class=\u00a0\u00bbdarker-text\u00a0\u00bb width=\u00a0\u00bb1\/2&Prime; css=\u00a0\u00bb.vc_custom_1718283645842{padding-top: 50px !important;padding-left: 10px !important;}\u00a0\u00bb][vc_column_text] Cr\u00e9\u00e9e en 2012, avec des capitaux essentiellement nationaux, la compagnie Titan Oil a d\u00e9marr\u00e9 ses activit\u00e9s en octobre [&hellip;]<\/p>\n","protected":false},"author":1,"featured_media":0,"parent":0,"menu_order":0,"comment_status":"closed","ping_status":"closed","template":"","meta":{"footnotes":""},"_links":{"self":[{"href":"https:\/\/www.wms-oil.com\/index.php?rest_route=\/wp\/v2\/pages\/883"}],"collection":[{"href":"https:\/\/www.wms-oil.com\/index.php?rest_route=\/wp\/v2\/pages"}],"about":[{"href":"https:\/\/www.wms-oil.com\/index.php?rest_route=\/wp\/v2\/types\/page"}],"author":[{"embeddable":true,"href":"https:\/\/www.wms-oil.com\/index.php?rest_route=\/wp\/v2\/users\/1"}],"replies":[{"embeddable":true,"href":"https:\/\/www.wms-oil.com\/index.php?rest_route=%2Fwp%2Fv2%2Fcomments&post=883"}],"version-history":[{"count":99,"href":"https:\/\/www.wms-oil.com\/index.php?rest_route=\/wp\/v2\/pages\/883\/revisions"}],"predecessor-version":[{"id":2240,"href":"https:\/\/www.wms-oil.com\/index.php?rest_route=\/wp\/v2\/pages\/883\/revisions\/2240"}],"wp:attachment":[{"href":"https:\/\/www.wms-oil.com\/index.php?rest_route=%2Fwp%2Fv2%2Fmedia&parent=883"}],"curies":[{"name":"wp","href":"https:\/\/api.w.org\/{rel}","templated":true}]}}